{"id":4302,"date":"2025-09-12T17:27:46","date_gmt":"2025-09-12T15:27:46","guid":{"rendered":"https:\/\/www.ferrarimotor.it\/?page_id=4302"},"modified":"2026-01-07T17:40:14","modified_gmt":"2026-01-07T16:40:14","slug":"vendita-usato-ferrari","status":"publish","type":"page","link":"https:\/\/www.ferrarimotor.it\/?page_id=4302","title":{"rendered":"Vendita Usato Ferrari"},"content":{"rendered":"<h2><span style=\"font-size: 16px;\">Ferrari Pre-Owned<br \/>\n<\/span><span style=\"font-size: 16px;\">In Motor Service\u00a0 stiamo costantemente ampliando i nostri servizi, fra i quali l\u2019integrazione del Reparto Vendita Vetture Ferrari Pre-Owned: un servizio esclusivo pensato per chi cerca l\u2019eccellenza.<\/span><\/h2>\n<div>\n<p>In qualit\u00e0 di Service ufficiale Ferrari, garantiamo la massima qualit\u00e0 e affidabilit\u00e0 delle vetture da noi trattate, continuando ad esaltare l\u2019eccellenza e l\u2019esclusivit\u00e0, caratteristiche imprescindibili di ogni Ferrari.<\/p>\n<p>I nostri consulenti ti supportano nel processo di ricerca e acquisto del modello di vettura che meglio rispecchia il tuo stile, occupandosi direttamente di ogni attivit\u00e0 per un servizio personalizzato e su misura.<\/p>\n<p>E se desiderassi vendere la tua Ferrari con la garanzia di un servizio di qualit\u00e0? Siamo qui per affiancarti anche in questo momento importante.<\/p>\n<h4>Scopri tutte le vetture disponibili in Officina qui:<strong> <a href=\"https:\/\/www.autoscout24.it\/concessionari\/motor-service-s-r-l?msockid=2719eed4187964f7156efb1a19a465ae\">Veicoli di Motor Service S.R.L. in Modena &#8211; MO | AutoScout24<\/a><\/strong><\/h4>\n<\/div>\n<div>\n<p>La nostra Consulente Vendita \u00e8 a tua disposizione:<br \/>\nSara Fazio<br \/>\n+39 338 3608409<br \/>\nsfazio@zanasigroup.it<\/p>\n<p>&nbsp;<\/p>\n<\/div>\n","protected":false},"excerpt":{"rendered":"<p>Ferrari Pre-Owned In Motor Service\u00a0 stiamo costantemente ampliando i nostri servizi, fra i quali l\u2019integrazione del Reparto Vendita Vetture Ferrari Pre-Owned: un servizio esclusivo pensato per chi cerca l\u2019eccellenza. In qualit\u00e0 di Service ufficiale Ferrari, garantiamo la massima qualit\u00e0 e affidabilit\u00e0 delle vetture da noi trattate, continuando ad esaltare l\u2019eccellenza e l\u2019esclusivit\u00e0, caratteristiche imprescindibili di ogni Ferrari. I nostri consulenti ti supportano nel processo di ricerca e acquisto del modello di vettura che meglio rispecchia il tuo stile, occupandosi direttamente di ogni attivit\u00e0 per un servizio personalizzato e su misura. E se desiderassi vendere la tua Ferrari con la garanzia di un servizio di qualit\u00e0? Siamo qui per affiancarti anche in questo momento importante. Scopri tutte le vetture disponibili in Officina qui: Veicoli di Motor Service S.R.L. in Modena &#8211; MO | AutoScout24 La nostra Consulente Vendita \u00e8 a tua disposizione: Sara Fazio +39 338 3608409 sfazio@zanasigroup.it &nbsp;<\/p>\n","protected":false},"author":2,"featured_media":4341,"parent":3732,"menu_order":0,"comment_status":"closed","ping_status":"open","template":"","meta":{"footnotes":""},"class_list":["post-4302","page","type-page","status-publish","has-post-thumbnail","hentry"],"_links":{"self":[{"href":"https:\/\/www.ferrarimotor.it\/index.php?rest_route=\/wp\/v2\/pages\/4302","targetHints":{"allow":["GET"]}}],"collection":[{"href":"https:\/\/www.ferrarimotor.it\/index.php?rest_route=\/wp\/v2\/pages"}],"about":[{"href":"https:\/\/www.ferrarimotor.it\/index.php?rest_route=\/wp\/v2\/types\/page"}],"author":[{"embeddable":true,"href":"https:\/\/www.ferrarimotor.it\/index.php?rest_route=\/wp\/v2\/users\/2"}],"replies":[{"embeddable":true,"href":"https:\/\/www.ferrarimotor.it\/index.php?rest_route=%2Fwp%2Fv2%2Fcomments&post=4302"}],"version-history":[{"count":11,"href":"https:\/\/www.ferrarimotor.it\/index.php?rest_route=\/wp\/v2\/pages\/4302\/revisions"}],"predecessor-version":[{"id":4346,"href":"https:\/\/www.ferrarimotor.it\/index.php?rest_route=\/wp\/v2\/pages\/4302\/revisions\/4346"}],"up":[{"embeddable":true,"href":"https:\/\/www.ferrarimotor.it\/index.php?rest_route=\/wp\/v2\/pages\/3732"}],"wp:featuredmedia":[{"embeddable":true,"href":"https:\/\/www.ferrarimotor.it\/index.php?rest_route=\/wp\/v2\/media\/4341"}],"wp:attachment":[{"href":"https:\/\/www.ferrarimotor.it\/index.php?rest_route=%2Fwp%2Fv2%2Fmedia&parent=4302"}],"curies":[{"name":"wp","href":"https:\/\/api.w.org\/{rel}","templated":true}]}}