{"id":4279,"date":"2025-09-12T15:57:36","date_gmt":"2025-09-12T13:57:36","guid":{"rendered":"https:\/\/www.ferrarimotor.it\/?page_id=4279"},"modified":"2025-09-12T15:57:36","modified_gmt":"2025-09-12T13:57:36","slug":"accessori-genuine","status":"publish","type":"page","link":"https:\/\/www.ferrarimotor.it\/?page_id=4279","title":{"rendered":"Accessori Genuine"},"content":{"rendered":"<h1><span style=\"font-size: 16px;\">Eleva il fascino e l\u2019eleganza della tua <\/span><span style=\"font-size: 16px;\">Ferrari<\/span><span style=\"font-size: 16px;\"> con gli Accessori Genuine!<\/span><\/h1>\n<div>\n<p>Ferrari Genuine offre una gamma di accessori e allestimenti autentici, progettati su misura per esaltare la vera essenza di ogni modello Ferrari.<br \/>\nDagli allestimenti interni agli accessori esterni, fino ai kit per la cura della vettura: ogni elemento \u00e8 espressione di eccellenza e prestigio, perfetti per valorizzare l\u2019unicit\u00e0 della tua vettura.<br \/>\nNoi di Motor Service S.r.l siamo al tuo fianco per guidarti nella scelta degli accessori pi\u00f9 adatti a te.<br \/>\nTi aspettiamo in officina per scoprire tutte le possibilit\u00e0 di personalizzazione.<\/p>\n<p>&nbsp;<\/p>\n<p><a href=\"https:\/\/www.ferrarimotor.it\/wp-content\/uploads\/2025\/09\/Immagine-WhatsApp-2025-07-15-ore-15.29.11_a49257b8.jpg\"><img decoding=\"async\" class=\"alignnone wp-image-4280 size-full\" src=\"https:\/\/www.ferrarimotor.it\/wp-content\/uploads\/2025\/09\/Immagine-WhatsApp-2025-07-15-ore-15.29.11_a49257b8.jpg\" alt=\"\" width=\"1600\" height=\"1200\" srcset=\"https:\/\/www.ferrarimotor.it\/wp-content\/uploads\/2025\/09\/Immagine-WhatsApp-2025-07-15-ore-15.29.11_a49257b8-200x150.jpg 200w, https:\/\/www.ferrarimotor.it\/wp-content\/uploads\/2025\/09\/Immagine-WhatsApp-2025-07-15-ore-15.29.11_a49257b8-300x225.jpg 300w, https:\/\/www.ferrarimotor.it\/wp-content\/uploads\/2025\/09\/Immagine-WhatsApp-2025-07-15-ore-15.29.11_a49257b8-400x300.jpg 400w, https:\/\/www.ferrarimotor.it\/wp-content\/uploads\/2025\/09\/Immagine-WhatsApp-2025-07-15-ore-15.29.11_a49257b8-600x450.jpg 600w, https:\/\/www.ferrarimotor.it\/wp-content\/uploads\/2025\/09\/Immagine-WhatsApp-2025-07-15-ore-15.29.11_a49257b8-768x576.jpg 768w, https:\/\/www.ferrarimotor.it\/wp-content\/uploads\/2025\/09\/Immagine-WhatsApp-2025-07-15-ore-15.29.11_a49257b8-800x600.jpg 800w, https:\/\/www.ferrarimotor.it\/wp-content\/uploads\/2025\/09\/Immagine-WhatsApp-2025-07-15-ore-15.29.11_a49257b8-1024x768.jpg 1024w, https:\/\/www.ferrarimotor.it\/wp-content\/uploads\/2025\/09\/Immagine-WhatsApp-2025-07-15-ore-15.29.11_a49257b8-1200x900.jpg 1200w, https:\/\/www.ferrarimotor.it\/wp-content\/uploads\/2025\/09\/Immagine-WhatsApp-2025-07-15-ore-15.29.11_a49257b8-1536x1152.jpg 1536w, https:\/\/www.ferrarimotor.it\/wp-content\/uploads\/2025\/09\/Immagine-WhatsApp-2025-07-15-ore-15.29.11_a49257b8.jpg 1600w\" sizes=\"(max-width: 1600px) 100vw, 1600px\" \/><\/a><\/p>\n<\/div>\n","protected":false},"excerpt":{"rendered":"<p>Eleva il fascino e l\u2019eleganza della tua Ferrari con gli Accessori Genuine! Ferrari Genuine offre una gamma di accessori e allestimenti autentici, progettati su misura per esaltare la vera essenza di ogni modello Ferrari. Dagli allestimenti interni agli accessori esterni, fino ai kit per la cura della vettura: ogni elemento \u00e8 espressione di eccellenza e prestigio, perfetti per valorizzare l\u2019unicit\u00e0 della tua vettura. Noi di Motor Service S.r.l siamo al tuo fianco per guidarti nella scelta degli accessori pi\u00f9 adatti a te. Ti aspettiamo in officina per scoprire tutte le possibilit\u00e0 di personalizzazione. &nbsp;<\/p>\n","protected":false},"author":2,"featured_media":0,"parent":3732,"menu_order":0,"comment_status":"closed","ping_status":"open","template":"","meta":{"footnotes":""},"class_list":["post-4279","page","type-page","status-publish","hentry"],"_links":{"self":[{"href":"https:\/\/www.ferrarimotor.it\/index.php?rest_route=\/wp\/v2\/pages\/4279","targetHints":{"allow":["GET"]}}],"collection":[{"href":"https:\/\/www.ferrarimotor.it\/index.php?rest_route=\/wp\/v2\/pages"}],"about":[{"href":"https:\/\/www.ferrarimotor.it\/index.php?rest_route=\/wp\/v2\/types\/page"}],"author":[{"embeddable":true,"href":"https:\/\/www.ferrarimotor.it\/index.php?rest_route=\/wp\/v2\/users\/2"}],"replies":[{"embeddable":true,"href":"https:\/\/www.ferrarimotor.it\/index.php?rest_route=%2Fwp%2Fv2%2Fcomments&post=4279"}],"version-history":[{"count":3,"href":"https:\/\/www.ferrarimotor.it\/index.php?rest_route=\/wp\/v2\/pages\/4279\/revisions"}],"predecessor-version":[{"id":4283,"href":"https:\/\/www.ferrarimotor.it\/index.php?rest_route=\/wp\/v2\/pages\/4279\/revisions\/4283"}],"up":[{"embeddable":true,"href":"https:\/\/www.ferrarimotor.it\/index.php?rest_route=\/wp\/v2\/pages\/3732"}],"wp:attachment":[{"href":"https:\/\/www.ferrarimotor.it\/index.php?rest_route=%2Fwp%2Fv2%2Fmedia&parent=4279"}],"curies":[{"name":"wp","href":"https:\/\/api.w.org\/{rel}","templated":true}]}}