{"id":4056,"date":"2023-03-15T15:32:56","date_gmt":"2023-03-15T14:32:56","guid":{"rendered":"http:\/\/test.ferrarimotor.it\/?page_id=4056"},"modified":"2025-10-01T14:17:48","modified_gmt":"2025-10-01T12:17:48","slug":"homepage-lux","status":"publish","type":"page","link":"https:\/\/www.ferrarimotor.it\/","title":{"rendered":"Homepage"},"content":{"rendered":"<p><div class=\"fusion-fullwidth fullwidth-box fusion-builder-row-1 hundred-percent-fullwidth non-hundred-percent-height-scrolling\" style=\"--awb-border-radius-top-left:0px;--awb-border-radius-top-right:0px;--awb-border-radius-bottom-right:0px;--awb-border-radius-bottom-left:0px;--awb-overflow:visible;--awb-margin-top:10px;--awb-background-color:rgba(255,255,255,0);--awb-flex-wrap:wrap;\" ><div class=\"fusion-builder-row fusion-row\"><div class=\"fusion-layout-column fusion_builder_column fusion-builder-column-0 fusion_builder_column_1_1 1_1 fusion-one-full fusion-column-first fusion-column-last fusion-column-no-min-height\" style=\"--awb-bg-blend:overlay;--awb-bg-size:cover;--awb-margin-bottom:0px;\"><div class=\"fusion-column-wrapper fusion-flex-column-wrapper-legacy\"><div class=\"fusion-sep-clear\"><\/div><div class=\"fusion-separator fusion-full-width-sep\" style=\"margin-left: auto;margin-right: auto;width:100%;\"><\/div><div class=\"fusion-sep-clear\"><\/div><div class=\"fusion-clearfix\"><\/div><\/div><\/div><\/div><\/div><div class=\"fusion-fullwidth fullwidth-box fusion-builder-row-2 hundred-percent-fullwidth non-hundred-percent-height-scrolling\" style=\"--awb-border-radius-top-left:0px;--awb-border-radius-top-right:0px;--awb-border-radius-bottom-right:0px;--awb-border-radius-bottom-left:0px;--awb-overflow:visible;--awb-flex-wrap:wrap;\" ><div class=\"fusion-builder-row fusion-row\"><div class=\"fusion-layout-column fusion_builder_column fusion-builder-column-1 fusion_builder_column_1_1 1_1 fusion-one-full fusion-column-first fusion-column-last fusion-column-no-min-height\" style=\"--awb-bg-blend:overlay;--awb-bg-size:cover;--awb-margin-bottom:0px;\"><div class=\"fusion-column-wrapper fusion-flex-column-wrapper-legacy\"><div class=\"fusion-reading-box-container reading-box-container-1\" style=\"--awb-title-color:#333333;--awb-margin-top:0px;--awb-margin-bottom:84px;\"><div class=\"reading-box\" style=\"background-color:#f6f6f6;border-width:1px;border-color:#f6f6f6;border-left-width:3px;border-left-color:var(--primary_color);border-style:solid;\"><a class=\"button fusion-button button-default fusion-button-default-size button-default-size button-flat fusion-desktop-button fusion-tagline-button continue fusion-desktop-button-margin continue-right\" style=\"-webkit-box-shadow:none;-moz-box-shadow:none;box-shadow:none;border-radius:2px 2px 2px 2px\" href=\"https:\/\/ferrariparts.ferrarimotor.it\/\" target=\"_blank\" rel=\"noopener noreferrer\"><span>Accedi<\/span><\/a><h2>Accedi alla sezione ricambi<\/h2><div class=\"reading-box-description fusion-reading-box-additional\">Collegati con il nostro magazine e acquista online i ricambi Ferrari originali<\/div><div class=\"fusion-clearfix\"><\/div><a class=\"button fusion-button button-default fusion-button-default-size button-default-size button-flat fusion-mobile-button continue-right\" style=\"-webkit-box-shadow:none;-moz-box-shadow:none;box-shadow:none;border-radius:2px 2px 2px 2px\" href=\"https:\/\/ferrariparts.ferrarimotor.it\/\" target=\"_blank\" rel=\"noopener noreferrer\"><span>Accedi<\/span><\/a><\/div><\/div><div class=\"fusion-clearfix\"><\/div><\/div><\/div><div class=\"fusion-layout-column fusion_builder_column fusion-builder-column-2 fusion_builder_column_1_2 1_2 fusion-one-half fusion-column-first\" style=\"--awb-bg-blend:overlay;--awb-bg-size:cover;width:50%;width:calc(50% - ( ( 4% ) * 0.5 ) );margin-right: 4%;\"><div class=\"fusion-column-wrapper fusion-flex-column-wrapper-legacy\"><div class=\"fusion-slider-sc fusion-flexslider-loading flexslider flexslider-hover-type-none\" data-slideshow_autoplay=\"1\" data-slideshow_smooth_height=\"0\" data-slideshow_speed=\"7000\" style=\"max-width:100%;height:100%;\"><ul class=\"slides\"><li class=\"image\"><span class=\"fusion-image-hover-element hover-type-none\"><img decoding=\"async\" src=\"https:\/\/www.ferrarimotor.it\/wp-content\/uploads\/2025\/09\/foto-1.jpg\" width=\"1060\" height=\"957\" class=\"wp-image-4299\" srcset=\"https:\/\/www.ferrarimotor.it\/wp-content\/uploads\/2025\/09\/foto-1-200x181.jpg 200w, https:\/\/www.ferrarimotor.it\/wp-content\/uploads\/2025\/09\/foto-1-400x361.jpg 400w, https:\/\/www.ferrarimotor.it\/wp-content\/uploads\/2025\/09\/foto-1-600x542.jpg 600w, https:\/\/www.ferrarimotor.it\/wp-content\/uploads\/2025\/09\/foto-1-800x722.jpg 800w, https:\/\/www.ferrarimotor.it\/wp-content\/uploads\/2025\/09\/foto-1.jpg 1060w\" sizes=\"(max-width: 800px) 100vw, 600px\" \/><\/span><\/li><li class=\"image\"><span class=\"fusion-image-hover-element hover-type-none\"><img decoding=\"async\" src=\"https:\/\/www.ferrarimotor.it\/wp-content\/uploads\/2025\/09\/01-sfondo-300x200.jpg\" width=\"300\" height=\"200\" class=\"wp-image-4298\" srcset=\"https:\/\/www.ferrarimotor.it\/wp-content\/uploads\/2025\/09\/01-sfondo-200x133.jpg 200w, https:\/\/www.ferrarimotor.it\/wp-content\/uploads\/2025\/09\/01-sfondo-400x267.jpg 400w, https:\/\/www.ferrarimotor.it\/wp-content\/uploads\/2025\/09\/01-sfondo-600x400.jpg 600w, https:\/\/www.ferrarimotor.it\/wp-content\/uploads\/2025\/09\/01-sfondo-800x533.jpg 800w, https:\/\/www.ferrarimotor.it\/wp-content\/uploads\/2025\/09\/01-sfondo-1200x800.jpg 1200w\" sizes=\"(max-width: 800px) 100vw, 600px\" \/><\/span><\/li><li class=\"image\"><span class=\"fusion-image-hover-element hover-type-none\"><img decoding=\"async\" src=\"https:\/\/www.ferrarimotor.it\/wp-content\/uploads\/2025\/10\/A-1-300x200.jpg\" width=\"300\" height=\"200\" class=\"wp-image-4338\" srcset=\"https:\/\/www.ferrarimotor.it\/wp-content\/uploads\/2025\/10\/A-1-200x133.jpg 200w, https:\/\/www.ferrarimotor.it\/wp-content\/uploads\/2025\/10\/A-1-400x267.jpg 400w, https:\/\/www.ferrarimotor.it\/wp-content\/uploads\/2025\/10\/A-1-600x400.jpg 600w, https:\/\/www.ferrarimotor.it\/wp-content\/uploads\/2025\/10\/A-1-800x533.jpg 800w, https:\/\/www.ferrarimotor.it\/wp-content\/uploads\/2025\/10\/A-1-1200x800.jpg 1200w\" sizes=\"(max-width: 800px) 100vw, 600px\" \/><\/span><\/li><\/ul><\/div><div class=\"fusion-clearfix\"><\/div><\/div><\/div><div class=\"fusion-layout-column fusion_builder_column fusion-builder-column-3 fusion_builder_column_1_2 1_2 fusion-one-half fusion-column-last\" style=\"--awb-bg-blend:overlay;--awb-bg-size:cover;width:50%;width:calc(50% - ( ( 4% ) * 0.5 ) );\"><div class=\"fusion-column-wrapper fusion-flex-column-wrapper-legacy\"><div class=\"accordian fusion-accordian\" style=\"--awb-border-size:1px;--awb-icon-size:16px;--awb-content-font-size:13px;--awb-icon-alignment:left;--awb-hover-color:var(--awb-color2);--awb-border-color:var(--awb-color3);--awb-background-color:var(--awb-color1);--awb-divider-color:#e0dede;--awb-divider-hover-color:#e0dede;--awb-icon-color:var(--awb-color1);--awb-title-color:#333333;--awb-content-color:#747474;--awb-icon-box-color:#333333;--awb-toggle-hover-accent-color:#bc0001;--awb-title-font-family:&quot;Antic Slab&quot;;--awb-title-font-weight:400;--awb-title-font-style:normal;--awb-content-font-family:&quot;PT Sans&quot;;--awb-content-font-style:normal;--awb-content-font-weight:400;\"><div class=\"panel-group fusion-toggle-icon-boxed\" id=\"accordion-4056-1\"><div class=\"fusion-panel panel-default panel-d25dc84862336355d fusion-toggle-has-divider\" style=\"--awb-title-color:#333333;\"><div class=\"panel-heading\"><h4 class=\"panel-title toggle\" id=\"toggle_d25dc84862336355d\"><a aria-expanded=\"false\" aria-controls=\"d25dc84862336355d\" role=\"button\" data-toggle=\"collapse\" data-parent=\"#accordion-4056-1\" data-target=\"#d25dc84862336355d\" href=\"#d25dc84862336355d\"><span class=\"fusion-toggle-icon-wrapper\" aria-hidden=\"true\"><i class=\"fa-fusion-box active-icon awb-icon-minus\" aria-hidden=\"true\"><\/i><i class=\"fa-fusion-box inactive-icon awb-icon-plus\" aria-hidden=\"true\"><\/i><\/span><span class=\"fusion-toggle-heading\">Chi siamo<\/span><\/a><\/h4><\/div><div id=\"d25dc84862336355d\" class=\"panel-collapse collapse \" aria-labelledby=\"toggle_d25dc84862336355d\"><div class=\"panel-body toggle-content fusion-clearfix\">\n<p data-start=\"105\" data-end=\"334\"><strong data-start=\"105\" data-end=\"207\">Motor Service \u00e8 l&#8217;0fficina ufficiale per l\u2019assistenza Ferrari in Emilia-Romagna.<\/strong><br data-start=\"207\" data-end=\"210\" \/>Fondata nel 1987, nasce in seguito alla chiusura della storica officina assistenza clienti Ferrari di via Trento Trieste 31.<\/p>\n<p data-start=\"336\" data-end=\"642\">La nuova sede viene stabilita in via Emilia Est, proprio di fronte allo stabilimento Scaglietti. Qui confluiscono i meccanici dell\u2019ex officina Ferrari, garantendo cos\u00ec continuit\u00e0 a una lunga tradizione di professionalit\u00e0 e competenza, dalle prime vetture del Cavallino Rampante fino ai modelli pi\u00f9 recenti.<\/p>\n<p data-start=\"644\" data-end=\"971\">Nel 1993 prende vita il <strong data-start=\"668\" data-end=\"682\">Team Motor<\/strong>, e il mondo del <em data-start=\"699\" data-end=\"718\">Ferrari Challenge<\/em> diventa un\u2019importante opportunit\u00e0 di crescita tecnica e sportiva. I risultati non tardano ad arrivare: il team conquista 6 titoli mondiali e 8 titoli nazionali, grazie al talento di piloti di ogni livello, dai gentleman driver ai professionisti del GT.<\/p>\n<p>Oggi Motor Service continua la propria attivit\u00e0 con la stessa passione di sempre, arricchita da nuove competenze e tecnologie all\u2019avanguardia, per offrire ai clienti un servizio di eccellenza in linea con la tradizione Ferrari.<\/p>\n<\/div><\/div><\/div><div class=\"fusion-panel panel-default panel-c795911bf3ea1ff76 fusion-toggle-has-divider\" style=\"--awb-title-color:#333333;\"><div class=\"panel-heading\"><h4 class=\"panel-title toggle\" id=\"toggle_c795911bf3ea1ff76\"><a aria-expanded=\"false\" aria-controls=\"c795911bf3ea1ff76\" role=\"button\" data-toggle=\"collapse\" data-parent=\"#accordion-4056-1\" data-target=\"#c795911bf3ea1ff76\" href=\"#c795911bf3ea1ff76\"><span class=\"fusion-toggle-icon-wrapper\" aria-hidden=\"true\"><i class=\"fa-fusion-box active-icon awb-icon-minus\" aria-hidden=\"true\"><\/i><i class=\"fa-fusion-box inactive-icon awb-icon-plus\" aria-hidden=\"true\"><\/i><\/span><span class=\"fusion-toggle-heading\">La nostra missione<\/span><\/a><\/h4><\/div><div id=\"c795911bf3ea1ff76\" class=\"panel-collapse collapse \" aria-labelledby=\"toggle_c795911bf3ea1ff76\"><div class=\"panel-body toggle-content fusion-clearfix\">\n<p>Da sempre consideriamo l\u2019eccellenza nell\u2019assistenza tecnica, nella competenza e nella relazione con il cliente l&#8217;obiettivo prioritario dell\u2019azienda, dedicando con continuit\u00e0 le risorse necessarie per raggiungerlo.<\/p>\n<\/div><\/div><\/div><div class=\"fusion-panel panel-default panel-2de9dffbcddf9aec8 fusion-toggle-has-divider\" style=\"--awb-title-color:#333333;\"><div class=\"panel-heading\"><h4 class=\"panel-title toggle\" id=\"toggle_2de9dffbcddf9aec8\"><a class=\"active\" aria-expanded=\"true\" aria-controls=\"2de9dffbcddf9aec8\" role=\"button\" data-toggle=\"collapse\" data-parent=\"#accordion-4056-1\" data-target=\"#2de9dffbcddf9aec8\" href=\"#2de9dffbcddf9aec8\"><span class=\"fusion-toggle-icon-wrapper\" aria-hidden=\"true\"><i class=\"fa-fusion-box active-icon awb-icon-minus\" aria-hidden=\"true\"><\/i><i class=\"fa-fusion-box inactive-icon awb-icon-plus\" aria-hidden=\"true\"><\/i><\/span><span class=\"fusion-toggle-heading\">La nostra filosofia<\/span><\/a><\/h4><\/div><div id=\"2de9dffbcddf9aec8\" class=\"panel-collapse collapse in\" aria-labelledby=\"toggle_2de9dffbcddf9aec8\"><div class=\"panel-body toggle-content fusion-clearfix\">\n<p>In un settore automobilistico in costante trasformazione, con tecnologie in rapida e continua evoluzione, il successo aziendale dipende dalla capacit\u00e0 di investire nella formazione continua e nella valorizzazione delle persone, vero motore del progresso.<\/p>\n<\/div><\/div><\/div><\/div><\/div><div class=\"fusion-clearfix\"><\/div><\/div><\/div><div class=\"fusion-layout-column fusion_builder_column fusion-builder-column-4 fusion_builder_column_1_1 1_1 fusion-one-full fusion-column-first fusion-column-last\" style=\"--awb-bg-blend:overlay;--awb-bg-size:cover;\"><div class=\"fusion-column-wrapper fusion-flex-column-wrapper-legacy\"><div class=\"fusion-title title fusion-title-1 fusion-title-text fusion-title-size-two\"><h2 class=\"fusion-title-heading title-heading-left\" style=\"margin:0;\">Ultime news<\/h2><span class=\"awb-title-spacer\"><\/span><div class=\"title-sep-container\"><div class=\"title-sep sep-double sep-solid\" style=\"border-color:#e0dede;\"><\/div><\/div><\/div><div class=\"fusion-recent-posts fusion-recent-posts-1 avada-container layout-default layout-columns-5 fusion-recent-posts-infinite\" data-pages=\"1\"><section class=\"fusion-columns columns fusion-columns-5 columns-5\"><article class=\"post fusion-column column col-lg-2 col-md-2 col-sm-2\"><div class=\"fusion-flexslider fusion-flexslider-loading flexslider flexslider-hover-type-none\"><ul class=\"slides\"><li><a href=\"https:\/\/www.ferrarimotor.it\/?p=4333\" aria-label=\"Spa-Francorchamps: Marco Zanasi penalizzato dalla sfortuna\" class=\"hover-type-none\"><img decoding=\"async\" width=\"700\" height=\"441\" src=\"https:\/\/www.ferrarimotor.it\/wp-content\/uploads\/2025\/09\/IMG-20250922-WA0001-700x441.jpg\" class=\"attachment-recent-posts size-recent-posts\" alt=\"\" srcset=\"https:\/\/www.ferrarimotor.it\/wp-content\/uploads\/2025\/09\/IMG-20250922-WA0001-320x202.jpg 320w, https:\/\/www.ferrarimotor.it\/wp-content\/uploads\/2025\/09\/IMG-20250922-WA0001-700x441.jpg 700w\" sizes=\"(max-width: 700px) 100vw, 700px\" \/><\/a><\/li><\/ul><\/div><div class=\"recent-posts-content\"><span class=\"vcard\" style=\"display: none;\"><span class=\"fn\"><a href=\"https:\/\/www.ferrarimotor.it\/?author=1\" title=\"Posts by admin\" rel=\"author\">admin<\/a><\/span><\/span><span class=\"updated\" style=\"display:none;\">2025-09-30T17:40:20+02:00<\/span><h4 class=\"entry-title\"><a href=\"https:\/\/www.ferrarimotor.it\/?p=4333\">Spa-Francorchamps: Marco Zanasi penalizzato dalla sfortuna<\/a><\/h4><p class=\"meta\"><span class=\"vcard\" style=\"display: none;\"><span class=\"fn\"><a href=\"https:\/\/www.ferrarimotor.it\/?author=1\" title=\"Posts by admin\" rel=\"author\">admin<\/a><\/span><\/span><span class=\"updated\" style=\"display:none;\">2025-09-30T17:40:20+02:00<\/span><span>September 30th, 2025<\/span><span class=\"fusion-inline-sep\">|<\/span><\/p><p>     Il Ferrari Challenge ha fatto tappa a Spa-Francorchamps il 20 e 21 settembre, regalando al pubblico un weekend intenso ed emozionante. Il settimo round stagionale del monomarca del Cavallino Rampante [...]<\/p><\/div><\/article><article class=\"post fusion-column column col-lg-2 col-md-2 col-sm-2\"><div class=\"fusion-flexslider fusion-flexslider-loading flexslider flexslider-hover-type-none\"><ul class=\"slides\"><li><a href=\"https:\/\/www.ferrarimotor.it\/?p=4212\" aria-label=\"Una visita speciale!\" class=\"hover-type-none\"><img decoding=\"async\" width=\"700\" height=\"441\" src=\"https:\/\/www.ferrarimotor.it\/wp-content\/uploads\/2025\/01\/Immagine-WhatsApp-2025-01-07-ore-17.27.14_93777f45-700x441.jpg\" class=\"attachment-recent-posts size-recent-posts\" alt=\"\" srcset=\"https:\/\/www.ferrarimotor.it\/wp-content\/uploads\/2025\/01\/Immagine-WhatsApp-2025-01-07-ore-17.27.14_93777f45-320x202.jpg 320w, https:\/\/www.ferrarimotor.it\/wp-content\/uploads\/2025\/01\/Immagine-WhatsApp-2025-01-07-ore-17.27.14_93777f45-700x441.jpg 700w\" sizes=\"(max-width: 700px) 100vw, 700px\" \/><\/a><\/li><\/ul><\/div><div class=\"recent-posts-content\"><span class=\"vcard\" style=\"display: none;\"><span class=\"fn\"><a href=\"https:\/\/www.ferrarimotor.it\/?author=2\" title=\"Posts by Sara Fazio\" rel=\"author\">Sara Fazio<\/a><\/span><\/span><span class=\"updated\" style=\"display:none;\">2025-01-08T16:09:43+01:00<\/span><h4 class=\"entry-title\"><a href=\"https:\/\/www.ferrarimotor.it\/?p=4212\">Una visita speciale!<\/a><\/h4><p class=\"meta\"><span class=\"vcard\" style=\"display: none;\"><span class=\"fn\"><a href=\"https:\/\/www.ferrarimotor.it\/?author=2\" title=\"Posts by Sara Fazio\" rel=\"author\">Sara Fazio<\/a><\/span><\/span><span class=\"updated\" style=\"display:none;\">2025-01-08T16:09:43+01:00<\/span><span>January 8th, 2025<\/span><span class=\"fusion-inline-sep\">|<\/span><\/p><p>     Una visita speciale oggi in Motor Service per iniziare al meglio questo 2025! \ud83d\udcaa\ud83c\udffc Un sentito grazie a Fernando Alonso per essere stato con noi e per averci ispirato con [...]<\/p><\/div><\/article><article class=\"post fusion-column column col-lg-2 col-md-2 col-sm-2\"><div class=\"fusion-flexslider fusion-flexslider-loading flexslider flexslider-hover-type-none\"><ul class=\"slides\"><li><a href=\"https:\/\/www.ferrarimotor.it\/?p=4208\" aria-label=\"Buone Feste dal team Motor Service\" class=\"hover-type-none\"><img decoding=\"async\" width=\"700\" height=\"441\" src=\"https:\/\/www.ferrarimotor.it\/wp-content\/uploads\/2024\/12\/Screenshot-2024-12-04-120657-700x441.png\" class=\"attachment-recent-posts size-recent-posts\" alt=\"\" srcset=\"https:\/\/www.ferrarimotor.it\/wp-content\/uploads\/2024\/12\/Screenshot-2024-12-04-120657-320x202.png 320w, https:\/\/www.ferrarimotor.it\/wp-content\/uploads\/2024\/12\/Screenshot-2024-12-04-120657-700x441.png 700w\" sizes=\"(max-width: 700px) 100vw, 700px\" \/><\/a><\/li><\/ul><\/div><div class=\"recent-posts-content\"><span class=\"vcard\" style=\"display: none;\"><span class=\"fn\"><a href=\"https:\/\/www.ferrarimotor.it\/?author=2\" title=\"Posts by Sara Fazio\" rel=\"author\">Sara Fazio<\/a><\/span><\/span><span class=\"updated\" style=\"display:none;\">2024-12-20T15:33:06+01:00<\/span><h4 class=\"entry-title\"><a href=\"https:\/\/www.ferrarimotor.it\/?p=4208\">Buone Feste dal team Motor Service<\/a><\/h4><p class=\"meta\"><span class=\"vcard\" style=\"display: none;\"><span class=\"fn\"><a href=\"https:\/\/www.ferrarimotor.it\/?author=2\" title=\"Posts by Sara Fazio\" rel=\"author\">Sara Fazio<\/a><\/span><\/span><span class=\"updated\" style=\"display:none;\">2024-12-20T15:33:06+01:00<\/span><span>December 20th, 2024<\/span><span class=\"fusion-inline-sep\">|<\/span><\/p><p>     Un sincero ringraziamento a tutti i nostri clienti, partner, collaboratori e dipendenti per la fiducia, il supporto e l\u2019impegno che ci avete dimostrato durante l\u2019anno. Con l\u2019arrivo delle festivit\u00e0, \u00e8 [...]<\/p><\/div><\/article><article class=\"post fusion-column column col-lg-2 col-md-2 col-sm-2\"><div class=\"fusion-flexslider fusion-flexslider-loading flexslider flexslider-hover-type-none\"><ul class=\"slides\"><li><a href=\"https:\/\/www.ferrarimotor.it\/?p=4163\" aria-label=\"Una consegna speciale nella nostra officina Motor Service.\" class=\"hover-type-none\"><img decoding=\"async\" width=\"634\" height=\"441\" src=\"https:\/\/www.ferrarimotor.it\/wp-content\/uploads\/2024\/06\/2-porova-700x487.jpg\" class=\"attachment-recent-posts size-recent-posts\" alt=\"\" srcset=\"https:\/\/www.ferrarimotor.it\/wp-content\/uploads\/2024\/06\/2-porova-66x46.jpg 66w, https:\/\/www.ferrarimotor.it\/wp-content\/uploads\/2024\/06\/2-porova-177x123.jpg 177w, https:\/\/www.ferrarimotor.it\/wp-content\/uploads\/2024\/06\/2-porova-200x139.jpg 200w, https:\/\/www.ferrarimotor.it\/wp-content\/uploads\/2024\/06\/2-porova-300x209.jpg 300w, https:\/\/www.ferrarimotor.it\/wp-content\/uploads\/2024\/06\/2-porova-320x223.jpg 320w, https:\/\/www.ferrarimotor.it\/wp-content\/uploads\/2024\/06\/2-porova-400x278.jpg 400w, https:\/\/www.ferrarimotor.it\/wp-content\/uploads\/2024\/06\/2-porova-460x320.jpg 460w, https:\/\/www.ferrarimotor.it\/wp-content\/uploads\/2024\/06\/2-porova-540x375.jpg 540w, https:\/\/www.ferrarimotor.it\/wp-content\/uploads\/2024\/06\/2-porova-600x417.jpg 600w, https:\/\/www.ferrarimotor.it\/wp-content\/uploads\/2024\/06\/2-porova-669x465.jpg 669w, https:\/\/www.ferrarimotor.it\/wp-content\/uploads\/2024\/06\/2-porova-700x487.jpg 700w, https:\/\/www.ferrarimotor.it\/wp-content\/uploads\/2024\/06\/2-porova-768x534.jpg 768w, https:\/\/www.ferrarimotor.it\/wp-content\/uploads\/2024\/06\/2-porova-800x556.jpg 800w, https:\/\/www.ferrarimotor.it\/wp-content\/uploads\/2024\/06\/2-porova-940x654.jpg 940w, https:\/\/www.ferrarimotor.it\/wp-content\/uploads\/2024\/06\/2-porova-1024x712.jpg 1024w, https:\/\/www.ferrarimotor.it\/wp-content\/uploads\/2024\/06\/2-porova-1200x834.jpg 1200w, https:\/\/www.ferrarimotor.it\/wp-content\/uploads\/2024\/06\/2-porova-1536x1068.jpg 1536w\" sizes=\"(max-width: 634px) 100vw, 634px\" \/><\/a><\/li><\/ul><\/div><div class=\"recent-posts-content\"><span class=\"vcard\" style=\"display: none;\"><span class=\"fn\"><a href=\"https:\/\/www.ferrarimotor.it\/?author=2\" title=\"Posts by Sara Fazio\" rel=\"author\">Sara Fazio<\/a><\/span><\/span><span class=\"updated\" style=\"display:none;\">2024-06-20T16:19:41+02:00<\/span><h4 class=\"entry-title\"><a href=\"https:\/\/www.ferrarimotor.it\/?p=4163\">Una consegna speciale nella nostra officina Motor Service.<\/a><\/h4><p class=\"meta\"><span class=\"vcard\" style=\"display: none;\"><span class=\"fn\"><a href=\"https:\/\/www.ferrarimotor.it\/?author=2\" title=\"Posts by Sara Fazio\" rel=\"author\">Sara Fazio<\/a><\/span><\/span><span class=\"updated\" style=\"display:none;\">2024-06-20T16:19:41+02:00<\/span><span>June 20th, 2024<\/span><span class=\"fusion-inline-sep\">|<\/span><\/p><p>     Una consegna speciale nella nostra officina Motor Service per un nuovo grande amico di Treviso! La scorsa settimana abbiamo avuto il piacere di consegnare una splendida Ferrari 599 GTB Fiorano [...]<\/p><\/div><\/article><article class=\"post fusion-column column col-lg-2 col-md-2 col-sm-2\"><div class=\"fusion-flexslider fusion-flexslider-loading flexslider flexslider-hover-type-none\"><ul class=\"slides\"><li><a href=\"https:\/\/www.ferrarimotor.it\/?p=4156\" aria-label=\"Grande successo alla seconda tappa del Ferrari Challenge Europe 2024, al Balaton Circuit in Ungheria.\" class=\"hover-type-none\"><img decoding=\"async\" width=\"661\" height=\"441\" src=\"https:\/\/www.ferrarimotor.it\/wp-content\/uploads\/2024\/06\/1717494769034-700x467.jpg\" class=\"attachment-recent-posts size-recent-posts\" alt=\"\" srcset=\"https:\/\/www.ferrarimotor.it\/wp-content\/uploads\/2024\/06\/1717494769034-66x44.jpg 66w, https:\/\/www.ferrarimotor.it\/wp-content\/uploads\/2024\/06\/1717494769034-177x118.jpg 177w, https:\/\/www.ferrarimotor.it\/wp-content\/uploads\/2024\/06\/1717494769034-200x133.jpg 200w, https:\/\/www.ferrarimotor.it\/wp-content\/uploads\/2024\/06\/1717494769034-300x200.jpg 300w, https:\/\/www.ferrarimotor.it\/wp-content\/uploads\/2024\/06\/1717494769034-320x213.jpg 320w, https:\/\/www.ferrarimotor.it\/wp-content\/uploads\/2024\/06\/1717494769034-400x267.jpg 400w, https:\/\/www.ferrarimotor.it\/wp-content\/uploads\/2024\/06\/1717494769034-460x307.jpg 460w, https:\/\/www.ferrarimotor.it\/wp-content\/uploads\/2024\/06\/1717494769034-540x360.jpg 540w, https:\/\/www.ferrarimotor.it\/wp-content\/uploads\/2024\/06\/1717494769034-600x400.jpg 600w, https:\/\/www.ferrarimotor.it\/wp-content\/uploads\/2024\/06\/1717494769034-669x446.jpg 669w, https:\/\/www.ferrarimotor.it\/wp-content\/uploads\/2024\/06\/1717494769034-700x467.jpg 700w, https:\/\/www.ferrarimotor.it\/wp-content\/uploads\/2024\/06\/1717494769034-768x512.jpg 768w, https:\/\/www.ferrarimotor.it\/wp-content\/uploads\/2024\/06\/1717494769034-800x534.jpg 800w, https:\/\/www.ferrarimotor.it\/wp-content\/uploads\/2024\/06\/1717494769034-940x627.jpg 940w, https:\/\/www.ferrarimotor.it\/wp-content\/uploads\/2024\/06\/1717494769034-1024x683.jpg 1024w, https:\/\/www.ferrarimotor.it\/wp-content\/uploads\/2024\/06\/1717494769034-1200x800.jpg 1200w, https:\/\/www.ferrarimotor.it\/wp-content\/uploads\/2024\/06\/1717494769034-1536x1025.jpg 1536w\" sizes=\"(max-width: 661px) 100vw, 661px\" \/><\/a><\/li><\/ul><\/div><div class=\"recent-posts-content\"><span class=\"vcard\" style=\"display: none;\"><span class=\"fn\"><a href=\"https:\/\/www.ferrarimotor.it\/?author=2\" title=\"Posts by Sara Fazio\" rel=\"author\">Sara Fazio<\/a><\/span><\/span><span class=\"updated\" style=\"display:none;\">2024-06-20T16:01:53+02:00<\/span><h4 class=\"entry-title\"><a href=\"https:\/\/www.ferrarimotor.it\/?p=4156\">Grande successo alla seconda tappa del Ferrari Challenge Europe 2024, al Balaton Circuit in Ungheria.<\/a><\/h4><p class=\"meta\"><span class=\"vcard\" style=\"display: none;\"><span class=\"fn\"><a href=\"https:\/\/www.ferrarimotor.it\/?author=2\" title=\"Posts by Sara Fazio\" rel=\"author\">Sara Fazio<\/a><\/span><\/span><span class=\"updated\" style=\"display:none;\">2024-06-20T16:01:53+02:00<\/span><span>June 20th, 2024<\/span><span class=\"fusion-inline-sep\">|<\/span><\/p><p>     Si \u00e8 conclusa con grande successo la seconda tappa del Ferrari Challenge Europe 2024, al Balaton Circuit in Ungheria. E' un privilegio per noi di Motor Service sostenere la partecipazione [...]<\/p><\/div><\/article><\/section><\/div><div class=\"fusion-clearfix\"><\/div><\/div><\/div><\/div><\/div><\/p>\n","protected":false},"excerpt":{"rendered":"","protected":false},"author":1,"featured_media":0,"parent":0,"menu_order":0,"comment_status":"closed","ping_status":"closed","template":"","meta":{"footnotes":""},"class_list":["post-4056","page","type-page","status-publish","hentry"],"_links":{"self":[{"href":"https:\/\/www.ferrarimotor.it\/index.php?rest_route=\/wp\/v2\/pages\/4056","targetHints":{"allow":["GET"]}}],"collection":[{"href":"https:\/\/www.ferrarimotor.it\/index.php?rest_route=\/wp\/v2\/pages"}],"about":[{"href":"https:\/\/www.ferrarimotor.it\/index.php?rest_route=\/wp\/v2\/types\/page"}],"author":[{"embeddable":true,"href":"https:\/\/www.ferrarimotor.it\/index.php?rest_route=\/wp\/v2\/users\/1"}],"replies":[{"embeddable":true,"href":"https:\/\/www.ferrarimotor.it\/index.php?rest_route=%2Fwp%2Fv2%2Fcomments&post=4056"}],"version-history":[{"count":19,"href":"https:\/\/www.ferrarimotor.it\/index.php?rest_route=\/wp\/v2\/pages\/4056\/revisions"}],"predecessor-version":[{"id":4339,"href":"https:\/\/www.ferrarimotor.it\/index.php?rest_route=\/wp\/v2\/pages\/4056\/revisions\/4339"}],"wp:attachment":[{"href":"https:\/\/www.ferrarimotor.it\/index.php?rest_route=%2Fwp%2Fv2%2Fmedia&parent=4056"}],"curies":[{"name":"wp","href":"https:\/\/api.w.org\/{rel}","templated":true}]}}